{"id":356,"date":"2025-03-06T08:02:04","date_gmt":"2025-03-06T08:02:04","guid":{"rendered":"https:\/\/tallerdeballestes.cat\/contacte\/"},"modified":"2026-03-03T07:51:07","modified_gmt":"2026-03-03T07:51:07","slug":"contacte","status":"publish","type":"page","link":"https:\/\/tallerdeballestes.cat\/ca\/contacte\/","title":{"rendered":"Contacte"},"content":{"rendered":"<section class=\"l-section wpb_row height_large color_primary with_img parallax_ver\"><div class=\"l-section-img lazyload\" role=\"img\" aria-label=\"Tallers de Ballestes del Bages\" data-img-width=\"1920\" data-img-height=\"1280\" style=\"background-image:inherit;background-repeat: no-repeat;\" data-bg-image=\"url(https:\/\/tallerdeballestes.cat\/wp-content\/uploads\/2025\/10\/tbb-manresa-01.jpg)\"><\/div><div class=\"l-section-overlay\" style=\"background:rgba(0,0,0,0.25)\"><\/div><div class=\"l-section-h i-cf\"><div class=\"g-cols vc_row via_grid cols_1 laptops-cols_inherit tablets-cols_inherit mobiles-cols_1 valign_top type_default stacking_default\"><div class=\"wpb_column vc_column_container\"><div class=\"vc_column-inner\"><div class=\"w-separator size_custom\" style=\"height:10vh\"><\/div><nav class=\"g-breadcrumbs us_custom_1b04de86 separator_icon align_none hide_current\" itemscope itemtype=\"http:\/\/schema.org\/BreadcrumbList\"><div class=\"g-breadcrumbs-item\" itemscope itemprop=\"itemListElement\" itemtype=\"http:\/\/schema.org\/ListItem\"><a itemprop=\"item\" href=\"https:\/\/tallerdeballestes.cat\/ca\/\"><span itemprop=\"name\">P\u00e0gina d'inici<\/span><\/a><meta itemprop=\"position\" content=\"1\"\/><\/div><div class=\"g-breadcrumbs-separator\"><i class=\"far fa-angle-right\"><\/i><\/div><div class=\"g-breadcrumbs-item\">P\u00e0gines<\/div><\/nav><div class=\"w-separator size_custom\" style=\"height:1rem\"><\/div><h1 class=\"w-post-elm post_title us_custom_83f50a06 entry-title color_link_inherit\">Contacte<\/h1><\/div><\/div><\/div><\/div><\/section><section class=\"l-section wpb_row height_large\"><div class=\"l-section-h i-cf\"><div class=\"g-cols vc_row via_grid cols_1 laptops-cols_inherit tablets-cols_inherit mobiles-cols_1 valign_top type_default stacking_default\" style=\"--columns-gap:6rem;\"><div class=\"wpb_column vc_column_container type_sticky\"><div class=\"vc_column-inner\"><div class=\"g-cols wpb_row us_custom_ae3eea40 via_grid cols_1-2 laptops-cols_inherit tablets-cols_inherit mobiles-cols_1 valign_top type_boxes stacking_default\" style=\"--columns-gap:3rem;\"><div class=\"wpb_column vc_column_container\"><div class=\"vc_column-inner\"><div class=\"w-image align_none\"><div class=\"w-image-h\"><img decoding=\"async\" width=\"140\" height=\"85\" data-src=\"https:\/\/tallerdeballestes.cat\/wp-content\/uploads\/2025\/03\/logo-TdB.png\" class=\"attachment-us_140_140 size-us_140_140 lazyload\" alt=\"logo Tallers de Ballestes del Bages\" data-srcset=\"https:\/\/tallerdeballestes.cat\/wp-content\/uploads\/2025\/03\/logo-TdB.png 512w, https:\/\/tallerdeballestes.cat\/wp-content\/uploads\/2025\/03\/logo-TdB-300x182.png 300w, https:\/\/tallerdeballestes.cat\/wp-content\/uploads\/2025\/03\/logo-TdB-180x109.png 180w, https:\/\/tallerdeballestes.cat\/wp-content\/uploads\/2025\/03\/logo-TdB-160x97.png 160w, https:\/\/tallerdeballestes.cat\/wp-content\/uploads\/2025\/03\/logo-TdB-140x85.png 140w, https:\/\/tallerdeballestes.cat\/wp-content\/uploads\/2025\/03\/logo-TdB-120x73.png 120w, https:\/\/tallerdeballestes.cat\/wp-content\/uploads\/2025\/03\/logo-TdB-100x61.png 100w, https:\/\/tallerdeballestes.cat\/wp-content\/uploads\/2025\/03\/logo-TdB-80x48.png 80w, https:\/\/tallerdeballestes.cat\/wp-content\/uploads\/2025\/03\/logo-TdB-60x36.png 60w\" data-sizes=\"auto, (max-width: 140px) 100vw, 140px\" src=\"data:image\/svg+xml;base64,PHN2ZyB3aWR0aD0iMSIgaGVpZ2h0PSIxIiB4bWxucz0iaHR0cDovL3d3dy53My5vcmcvMjAwMC9zdmciPjwvc3ZnPg==\" style=\"--smush-placeholder-width: 140px; --smush-placeholder-aspect-ratio: 140\/85;\" \/><\/div><\/div><div class=\"w-separator size_medium\"><\/div><div class=\"wpb_text_column us_custom_e8d2f2db\"><div class=\"wpb_wrapper\"><p>Josep Comas i Sol\u00e0, 16<br \/>\n08243 Manresa<\/p>\n<\/div><\/div><div class=\"w-separator size_custom\" style=\"height:1rem\"><\/div><div class=\"w-text us_custom_e8d2f2db\"><a href=\"tel:+34938771182\" class=\"w-text-h\"><span class=\"w-text-value\">T. 93 877 11 82<\/span><\/a><\/div><div class=\"w-separator size_custom\" style=\"height:1rem\"><\/div><div class=\"w-text us_custom_e8d2f2db\"><a href=\"mailto:ballestes@tallerdeballestes.cat\" class=\"w-text-h\"><span class=\"w-text-value\">ballestes@tallerdeballestes.cat<\/span><\/a><\/div><\/div><\/div><div class=\"wpb_column vc_column_container\"><div class=\"vc_column-inner\"><h6 class=\"w-text\"><span class=\"w-text-h\"><span class=\"w-text-value\">Posa&#039;t en contacte<\/span><\/span><\/h6><div class=\"w-separator size_small\"><\/div><div class=\"w-text\"><span class=\"w-text-h\"><span class=\"w-text-value\">Omple el seg\u00fcent formulari i explica&#039;ns qu\u00e8 necessites. Et respondrem r\u00e0pid i t&#039;assessorarem en tot all\u00f2 que necessitis.<\/span><\/span><\/div><div class=\"w-separator size_medium\"><\/div><form class=\"w-form  us-field-style_1 layout_ver show_message_after_sending for_cform us_form_1 validate_by_recaptcha\" action=\"https:\/\/tallerdeballestes.cat\/ca\/wp-json\/wp\/v2\/pages\/356\" method=\"post\" style=\"--fields-gap:1.5rem\"><div class=\"w-form-h\"><div class=\"w-form-row for_text required with_icon\">\r\n\t\t<div class=\"w-form-row-field\">\r\n\t\t\t\t<i class=\"fal fa-user\"><\/i>\t\t<input aria-label=\"Nom i cognoms\" type=\"text\" name=\"us_form_1_text_1\" value placeholder=\"Nom i cognoms *\" data-required=\"true\" aria-required=\"true\"\/>\r\n\t\t\t<\/div>\r\n\t\t<div class=\"w-form-row-state\">Fill out this field<\/div>\r\n<\/div>\r\n<div class=\"w-form-row for_text with_icon\">\r\n\t\t<div class=\"w-form-row-field\">\r\n\t\t\t\t<i class=\"fal fa-building\"><\/i>\t\t<input aria-label=\"Empresa\" type=\"text\" name=\"us_form_1_text_2\" value placeholder=\"Empresa\"\/>\r\n\t\t\t<\/div>\r\n\t\t<div class=\"w-form-row-state\">Fill out this field<\/div>\r\n<\/div>\r\n<div class=\"w-form-row for_text required with_icon\">\r\n\t\t<div class=\"w-form-row-field\">\r\n\t\t\t\t<i class=\"fal fa-mobile\"><\/i>\t\t<input aria-label=\"Tel\u00e8fon\" inputmode=\"tel\" type=\"text\" name=\"us_form_1_text_3\" value placeholder=\"Tel\u00e8fon *\" data-required=\"true\" aria-required=\"true\"\/>\r\n\t\t\t<\/div>\r\n\t\t<div class=\"w-form-row-state\">Fill out this field<\/div>\r\n<\/div>\r\n<div class=\"w-form-row for_email required with_icon\">\r\n\t\t<div class=\"w-form-row-field\">\r\n\t\t\t\t<i class=\"fal fa-at\"><\/i>\t\t<input aria-label=\"E-Mail\" type=\"email\" name=\"us_form_1_email_1\" value placeholder=\"E-Mail *\" data-required=\"true\" aria-required=\"true\"\/>\r\n\t\t\t<\/div>\r\n\t\t<div class=\"w-form-row-state\">Introdu\u00efu una adre\u00e7a electr\u00f2nica v\u00e0lida.<\/div>\r\n<\/div>\r\n<div class=\"w-form-row for_textarea with_icon\">\r\n\t\t<div class=\"w-form-row-field\">\r\n\t\t\t\t<i class=\"fal fa-pencil\"><\/i>\t\t<textarea aria-label=\"Consulta\" name=\"us_form_1_textarea_1\" placeholder=\"Consulta\"><\/textarea>\r\n\t\t\t<\/div>\r\n\t\t<div class=\"w-form-row-state\">Fill out this field<\/div>\r\n<\/div>\r\n<div class=\"w-form-row for_agreement required\">\r\n\t\t<div class=\"w-form-row-field\">\r\n\t\t\t\t<label>\r\n\t\t\t<input type=\"checkbox\" value=\"1\" data-required=\"true\" aria-required=\"true\" name=\"us_form_1_agreement_1\"\/>\r\n\t\t\t<span>He llegit i accepto l'Av\u00eds Legal y la Pol\u00edtica de Privacitat.<\/span>\r\n\t\t<\/label>\r\n\t\t\t<\/div>\r\n\t\t<div class=\"w-form-row-state\">You need to agree with the terms to proceed<\/div>\r\n<\/div>\r\n<input type=\"hidden\" name=\"action\" value=\"us_ajax_cform\" \/>\r\n<input type=\"hidden\" name=\"post_id\" value=\"0\" \/>\r\n<input type=\"hidden\" name=\"form_index\" value=\"1\" \/>\r\n<div class=\"w-form-row for_submit align_none\">\r\n\t<button class=\"w-btn  us-btn-style_1\" aria-label=\"Envia\" type=\"submit\">\r\n\t\t<span class=\"g-preloader type_1\"><\/span>\r\n\t\t\t\t<span class=\"w-btn-label\">Envia<\/span>\r\n\t\t\t<\/button>\r\n\t<\/div>\r\n<\/div><div class=\"w-form-message\"><\/div><div class=\"w-form-json hidden\" onclick='return {&quot;ajaxurl&quot;:&quot;https:\\\/\\\/tallerdeballestes.cat\\\/wp-admin\\\/admin-ajax.php&quot;,&quot;messages&quot;:{&quot;err_empty&quot;:&quot;Fill out this field&quot;,&quot;err_size&quot;:&quot;File size cannot exceed %s MB&quot;,&quot;err_extension&quot;:&quot;%s file type is not allowed&quot;,&quot;err_recaptcha_keys&quot;:&quot;reCAPTCHA keys are incorrect&quot;},&quot;recaptcha_site_key&quot;:&quot;6LfBFH4sAAAAACV0WT8QqylX5-xUhTtmV-aXF3T1&quot;}'><\/div><\/form><\/div><\/div><\/div><\/div><\/div><\/div><\/div><\/section>\n","protected":false},"excerpt":{"rendered":"P\u00e0gina d'iniciP\u00e0ginesContacteJosep Comas i Sol\u00e0, 16 08243 Manresa T. 93 877 11 82ballestes@tallerdeballestes.catPosa&#039;t en contacteOmple el seg\u00fcent formulari i explica&#039;ns qu\u00e8 necessites. Et respondrem r\u00e0pid i t&#039;assessorarem en tot all\u00f2 que necessitis. Fill out this field Fill out this field Fill out this field Introdu\u00efu una adre\u00e7a electr\u00f2nica v\u00e0lida. Fill out this field He llegit...","protected":false},"author":1,"featured_media":302,"parent":0,"menu_order":4,"comment_status":"closed","ping_status":"closed","template":"","meta":{"footnotes":""},"class_list":["post-356","page","type-page","status-publish","has-post-thumbnail","hentry"],"yoast_head":"<!-- This site is optimized with the Yoast SEO plugin v27.4 - https:\/\/yoast.com\/product\/yoast-seo-wordpress\/ -->\n<title>Contacte | Taller de Ballestes del Bages<\/title>\n<meta name=\"description\" content=\"Necessites una substituci\u00f3 de ballestes urgent? Truca&#039;ns o contacta&#039;ns i rebr\u00e0s assessoria r\u00e0pida i efectiva pel teu vehicle.\" \/>\n<meta name=\"robots\" content=\"index, follow, max-snippet:-1, max-image-preview:large, max-video-preview:-1\" \/>\n<link rel=\"canonical\" href=\"https:\/\/tallerdeballestes.cat\/ca\/contacte\/\" \/>\n<meta property=\"og:locale\" content=\"ca_ES\" \/>\n<meta property=\"og:type\" content=\"article\" \/>\n<meta property=\"og:title\" content=\"Contacte | Taller de Ballestes del Bages\" \/>\n<meta property=\"og:description\" content=\"Necessites una substituci\u00f3 de ballestes urgent? Truca&#039;ns o contacta&#039;ns i rebr\u00e0s assessoria r\u00e0pida i efectiva pel teu vehicle.\" \/>\n<meta property=\"og:url\" content=\"https:\/\/tallerdeballestes.cat\/ca\/contacte\/\" \/>\n<meta property=\"og:site_name\" content=\"Taller de Ballestes del Bages\" \/>\n<meta property=\"article:modified_time\" content=\"2026-03-03T07:51:07+00:00\" \/>\n<meta property=\"og:image\" content=\"https:\/\/tallerdeballestes.cat\/wp-content\/uploads\/2025\/10\/tbb-manresa-01.jpg\" \/>\n\t<meta property=\"og:image:width\" content=\"1920\" \/>\n\t<meta property=\"og:image:height\" content=\"1280\" \/>\n\t<meta property=\"og:image:type\" content=\"image\/jpeg\" \/>\n<meta name=\"twitter:card\" content=\"summary_large_image\" \/>\n<meta name=\"twitter:label1\" content=\"Temps estimat de lectura\" \/>\n\t<meta name=\"twitter:data1\" content=\"4 minuts\" \/>\n<script type=\"application\/ld+json\" class=\"yoast-schema-graph\">{\"@context\":\"https:\\\/\\\/schema.org\",\"@graph\":[{\"@type\":\"WebPage\",\"@id\":\"https:\\\/\\\/tallerdeballestes.cat\\\/ca\\\/contacte\\\/\",\"url\":\"https:\\\/\\\/tallerdeballestes.cat\\\/ca\\\/contacte\\\/\",\"name\":\"Contacte | Taller de Ballestes del Bages\",\"isPartOf\":{\"@id\":\"https:\\\/\\\/tallerdeballestes.cat\\\/#website\"},\"primaryImageOfPage\":{\"@id\":\"https:\\\/\\\/tallerdeballestes.cat\\\/ca\\\/contacte\\\/#primaryimage\"},\"image\":{\"@id\":\"https:\\\/\\\/tallerdeballestes.cat\\\/ca\\\/contacte\\\/#primaryimage\"},\"thumbnailUrl\":\"https:\\\/\\\/tallerdeballestes.cat\\\/wp-content\\\/uploads\\\/2025\\\/10\\\/tbb-manresa-01.jpg\",\"datePublished\":\"2025-03-06T08:02:04+00:00\",\"dateModified\":\"2026-03-03T07:51:07+00:00\",\"description\":\"Necessites una substituci\u00f3 de ballestes urgent? Truca'ns o contacta'ns i rebr\u00e0s assessoria r\u00e0pida i efectiva pel teu vehicle.\",\"breadcrumb\":{\"@id\":\"https:\\\/\\\/tallerdeballestes.cat\\\/ca\\\/contacte\\\/#breadcrumb\"},\"inLanguage\":\"ca\",\"potentialAction\":[{\"@type\":\"ReadAction\",\"target\":[\"https:\\\/\\\/tallerdeballestes.cat\\\/ca\\\/contacte\\\/\"]}]},{\"@type\":\"ImageObject\",\"inLanguage\":\"ca\",\"@id\":\"https:\\\/\\\/tallerdeballestes.cat\\\/ca\\\/contacte\\\/#primaryimage\",\"url\":\"https:\\\/\\\/tallerdeballestes.cat\\\/wp-content\\\/uploads\\\/2025\\\/10\\\/tbb-manresa-01.jpg\",\"contentUrl\":\"https:\\\/\\\/tallerdeballestes.cat\\\/wp-content\\\/uploads\\\/2025\\\/10\\\/tbb-manresa-01.jpg\",\"width\":1920,\"height\":1280,\"caption\":\"Tallers de Ballestes del Bages\"},{\"@type\":\"BreadcrumbList\",\"@id\":\"https:\\\/\\\/tallerdeballestes.cat\\\/ca\\\/contacte\\\/#breadcrumb\",\"itemListElement\":[{\"@type\":\"ListItem\",\"position\":1,\"name\":\"Inici\",\"item\":\"https:\\\/\\\/tallerdeballestes.cat\\\/ca\\\/inici\\\/\"},{\"@type\":\"ListItem\",\"position\":2,\"name\":\"Contacte\"}]},{\"@type\":\"WebSite\",\"@id\":\"https:\\\/\\\/tallerdeballestes.cat\\\/#website\",\"url\":\"https:\\\/\\\/tallerdeballestes.cat\\\/\",\"name\":\"Taller de Ballestes del Bages\",\"description\":\"Reparaci\u00f3 de ballestes a Manresa\",\"publisher\":{\"@id\":\"https:\\\/\\\/tallerdeballestes.cat\\\/#organization\"},\"alternateName\":\"Taller de Ballestes del Bages\",\"potentialAction\":[{\"@type\":\"SearchAction\",\"target\":{\"@type\":\"EntryPoint\",\"urlTemplate\":\"https:\\\/\\\/tallerdeballestes.cat\\\/?s={search_term_string}\"},\"query-input\":{\"@type\":\"PropertyValueSpecification\",\"valueRequired\":true,\"valueName\":\"search_term_string\"}}],\"inLanguage\":\"ca\"},{\"@type\":\"Organization\",\"@id\":\"https:\\\/\\\/tallerdeballestes.cat\\\/#organization\",\"name\":\"Taller de Ballestes del Bages\",\"alternateName\":\"Taller de Ballestes del Bages\",\"url\":\"https:\\\/\\\/tallerdeballestes.cat\\\/\",\"logo\":{\"@type\":\"ImageObject\",\"inLanguage\":\"ca\",\"@id\":\"https:\\\/\\\/tallerdeballestes.cat\\\/#\\\/schema\\\/logo\\\/image\\\/\",\"url\":\"https:\\\/\\\/tallerdeballestes.cat\\\/wp-content\\\/uploads\\\/2025\\\/12\\\/logo-TdB-burdeus-1.png\",\"contentUrl\":\"https:\\\/\\\/tallerdeballestes.cat\\\/wp-content\\\/uploads\\\/2025\\\/12\\\/logo-TdB-burdeus-1.png\",\"width\":512,\"height\":310,\"caption\":\"Taller de Ballestes del Bages\"},\"image\":{\"@id\":\"https:\\\/\\\/tallerdeballestes.cat\\\/#\\\/schema\\\/logo\\\/image\\\/\"}}]}<\/script>\n<!-- \/ Yoast SEO plugin. -->","yoast_head_json":{"title":"Contacte | Taller de Ballestes del Bages","description":"Necessites una substituci\u00f3 de ballestes urgent? Truca'ns o contacta'ns i rebr\u00e0s assessoria r\u00e0pida i efectiva pel teu vehicle.","robots":{"index":"index","follow":"follow","max-snippet":"max-snippet:-1","max-image-preview":"max-image-preview:large","max-video-preview":"max-video-preview:-1"},"canonical":"https:\/\/tallerdeballestes.cat\/ca\/contacte\/","og_locale":"ca_ES","og_type":"article","og_title":"Contacte | Taller de Ballestes del Bages","og_description":"Necessites una substituci\u00f3 de ballestes urgent? Truca'ns o contacta'ns i rebr\u00e0s assessoria r\u00e0pida i efectiva pel teu vehicle.","og_url":"https:\/\/tallerdeballestes.cat\/ca\/contacte\/","og_site_name":"Taller de Ballestes del Bages","article_modified_time":"2026-03-03T07:51:07+00:00","og_image":[{"width":1920,"height":1280,"url":"https:\/\/tallerdeballestes.cat\/wp-content\/uploads\/2025\/10\/tbb-manresa-01.jpg","type":"image\/jpeg"}],"twitter_card":"summary_large_image","twitter_misc":{"Temps estimat de lectura":"4 minuts"},"schema":{"@context":"https:\/\/schema.org","@graph":[{"@type":"WebPage","@id":"https:\/\/tallerdeballestes.cat\/ca\/contacte\/","url":"https:\/\/tallerdeballestes.cat\/ca\/contacte\/","name":"Contacte | Taller de Ballestes del Bages","isPartOf":{"@id":"https:\/\/tallerdeballestes.cat\/#website"},"primaryImageOfPage":{"@id":"https:\/\/tallerdeballestes.cat\/ca\/contacte\/#primaryimage"},"image":{"@id":"https:\/\/tallerdeballestes.cat\/ca\/contacte\/#primaryimage"},"thumbnailUrl":"https:\/\/tallerdeballestes.cat\/wp-content\/uploads\/2025\/10\/tbb-manresa-01.jpg","datePublished":"2025-03-06T08:02:04+00:00","dateModified":"2026-03-03T07:51:07+00:00","description":"Necessites una substituci\u00f3 de ballestes urgent? Truca'ns o contacta'ns i rebr\u00e0s assessoria r\u00e0pida i efectiva pel teu vehicle.","breadcrumb":{"@id":"https:\/\/tallerdeballestes.cat\/ca\/contacte\/#breadcrumb"},"inLanguage":"ca","potentialAction":[{"@type":"ReadAction","target":["https:\/\/tallerdeballestes.cat\/ca\/contacte\/"]}]},{"@type":"ImageObject","inLanguage":"ca","@id":"https:\/\/tallerdeballestes.cat\/ca\/contacte\/#primaryimage","url":"https:\/\/tallerdeballestes.cat\/wp-content\/uploads\/2025\/10\/tbb-manresa-01.jpg","contentUrl":"https:\/\/tallerdeballestes.cat\/wp-content\/uploads\/2025\/10\/tbb-manresa-01.jpg","width":1920,"height":1280,"caption":"Tallers de Ballestes del Bages"},{"@type":"BreadcrumbList","@id":"https:\/\/tallerdeballestes.cat\/ca\/contacte\/#breadcrumb","itemListElement":[{"@type":"ListItem","position":1,"name":"Inici","item":"https:\/\/tallerdeballestes.cat\/ca\/inici\/"},{"@type":"ListItem","position":2,"name":"Contacte"}]},{"@type":"WebSite","@id":"https:\/\/tallerdeballestes.cat\/#website","url":"https:\/\/tallerdeballestes.cat\/","name":"Taller de Ballestes del Bages","description":"Reparaci\u00f3 de ballestes a Manresa","publisher":{"@id":"https:\/\/tallerdeballestes.cat\/#organization"},"alternateName":"Taller de Ballestes del Bages","potentialAction":[{"@type":"SearchAction","target":{"@type":"EntryPoint","urlTemplate":"https:\/\/tallerdeballestes.cat\/?s={search_term_string}"},"query-input":{"@type":"PropertyValueSpecification","valueRequired":true,"valueName":"search_term_string"}}],"inLanguage":"ca"},{"@type":"Organization","@id":"https:\/\/tallerdeballestes.cat\/#organization","name":"Taller de Ballestes del Bages","alternateName":"Taller de Ballestes del Bages","url":"https:\/\/tallerdeballestes.cat\/","logo":{"@type":"ImageObject","inLanguage":"ca","@id":"https:\/\/tallerdeballestes.cat\/#\/schema\/logo\/image\/","url":"https:\/\/tallerdeballestes.cat\/wp-content\/uploads\/2025\/12\/logo-TdB-burdeus-1.png","contentUrl":"https:\/\/tallerdeballestes.cat\/wp-content\/uploads\/2025\/12\/logo-TdB-burdeus-1.png","width":512,"height":310,"caption":"Taller de Ballestes del Bages"},"image":{"@id":"https:\/\/tallerdeballestes.cat\/#\/schema\/logo\/image\/"}}]}},"_links":{"self":[{"href":"https:\/\/tallerdeballestes.cat\/ca\/wp-json\/wp\/v2\/pages\/356","targetHints":{"allow":["GET"]}}],"collection":[{"href":"https:\/\/tallerdeballestes.cat\/ca\/wp-json\/wp\/v2\/pages"}],"about":[{"href":"https:\/\/tallerdeballestes.cat\/ca\/wp-json\/wp\/v2\/types\/page"}],"author":[{"embeddable":true,"href":"https:\/\/tallerdeballestes.cat\/ca\/wp-json\/wp\/v2\/users\/1"}],"replies":[{"embeddable":true,"href":"https:\/\/tallerdeballestes.cat\/ca\/wp-json\/wp\/v2\/comments?post=356"}],"version-history":[{"count":21,"href":"https:\/\/tallerdeballestes.cat\/ca\/wp-json\/wp\/v2\/pages\/356\/revisions"}],"predecessor-version":[{"id":875,"href":"https:\/\/tallerdeballestes.cat\/ca\/wp-json\/wp\/v2\/pages\/356\/revisions\/875"}],"wp:featuredmedia":[{"embeddable":true,"href":"https:\/\/tallerdeballestes.cat\/ca\/wp-json\/wp\/v2\/media\/302"}],"wp:attachment":[{"href":"https:\/\/tallerdeballestes.cat\/ca\/wp-json\/wp\/v2\/media?parent=356"}],"curies":[{"name":"wp","href":"https:\/\/api.w.org\/{rel}","templated":true}]}}